{"id":1853,"date":"2022-06-13T21:19:54","date_gmt":"2022-06-13T21:19:54","guid":{"rendered":"https:\/\/boyacaturismo.com\/?page_id=1853"},"modified":"2024-11-27T17:54:32","modified_gmt":"2024-11-27T22:54:32","slug":"quienes-somos","status":"publish","type":"page","link":"https:\/\/boyacaturismo.com\/?page_id=1853","title":{"rendered":"Quienes Somos"},"content":{"rendered":"<p>[vc_row][vc_column][vc_text_separator title=\u00bbUNA FAMILIA CON EXPERIENCIA, CAPACIDAD Y VOCACION DE SERVICIO\u00bb][\/vc_column][\/vc_row][vc_row][vc_column][vc_tta_accordion][vc_tta_section title=\u00bbARCO IRIS TOURS\u00bb tab_id=\u00bb1655155836773-97936582-02ce\u00bb][vc_single_image image=\u00bb1857&#8243; img_size=\u00bbmedium\u00bb alignment=\u00bbcenter\u00bb css_animation=\u00bblightSpeedIn\u00bb][vc_custom_heading text=\u00bbAGENCIA DE VIAJES OPERADORA MAYORISTA<br \/>\nRegistro Nacional de Turismo 5082  \/<br \/>\n30 A\u00d1OS DE C\u00c1LIDO Y EFICIENTE SERVICIO, DEDICADOS EXCLUSIVAMENTE A PROMOVER Y OPERAR EL TURISMO HACIA EL  DEPARTAMENTO DE BOYACA\u00bb font_container=\u00bbtag:h2|text_align:center\u00bb][vc_message message_box_color=\u00bbvista_blue\u00bb]Fundada en Noviembre de 1994, en la ciudad de SOGAMOSO, Departamento de BOYACA. Se traslada para lograr mayor cobertura y rapidez en el servicio a la ciudad de Bogot\u00e1 en el a\u00f1o 2007,\u00a0 En el a\u00f1o 2010 implementa por primera vez el servicio Puerta a puerta en Bogot\u00e1 y en el a\u00f1o 2016 amplia este servicio a todo el pa\u00eds. Merecedora de reconocimientos en la Alcald\u00eda y\u00a0 Consejo de Sogamoso, Gobernaci\u00f3n de Boyac\u00e1, CASA DE BOYACA en Bogot\u00e1 y en el Ministerio de Industria y Comercio por ser la\u00a0 de mayor persistencia\u00a0 y antig\u00fcedad en operaci\u00f3n.[\/vc_message][vc_column_text]<strong>TODOS LOS DESTINOS DE BOYACA, TODOS LOS SERVICIOS, TODOS LOS DIAS DE OPERACION<\/strong><\/p>\n<p>Ofrecemos un servicio tur\u00edstico y hotelero oportuno y eficiente como OPERADOR, bajo principios de total transparencia, seriedad y compromiso. Apoy\u00e1ndonos en nuestra amplia experiencia en el mercado y en un equipo de trabajo comprometido y capacitado para satisfacer las expectativas y necesidades de cada uno de nuestros clientes; mejorando as\u00ed su calidad de vida, generando una correcta promoci\u00f3n del departamento de Boyac\u00e1.<\/p>\n<div class=\"m_47076038150637420PlainText\">\n<div>En cumplimiento a lo establecido en la ley 1581 de 2012 \u201cley de protecci\u00f3n de datos\u201d y su decreto reglamentario 1377 de 2013 nos permitimos solicitar a todos y cada uno de nuestros proveedores, clientes y en general, persona natural o jur\u00eddica, que se encuentra en nuestra base de datos, que si no desea recibir mas informaci\u00f3n de ARCO IRIS TOURS \/ Oficina de turismo para Boyac\u00e1, nos manifieste la supresi\u00f3n, modificaci\u00f3n o actualizaci\u00f3n de los mismos a gerencia@boyacaturismo.com<\/div>\n<div><strong>ARCO IRIS TOURS<\/strong> se opone a la explotaci\u00f3n sexual sin distingos de edad, credo o condici\u00f3n f\u00edsica. En cumplimiento de los art\u00edculos 16 y 17 de la ley 679 del 2001, advierte al turista que la explotaci\u00f3n y el abuso sexual de menores de edad en el pa\u00eds son sancionados penal y administrativamente, conforme a las leyes vigentes. As\u00ed mismo invitamos a todos nuestros clientes y visitantes a no otorgar limosnas (la limosna hace al mendigo).<\/div>\n<div>Nuestra empresa AGENCIA DE VIAJES OPERADORA, ARCO IRIS TOURS esta comprometida: *A prevenir la comercializaci\u00f3n de especies de flora y fauna amenazadas o en peligro de extinci\u00f3n en Colombia e il\u00edcito aprovechamiento de recursos naturales renovables, seg\u00fan la ley 17 de 1981, la resoluci\u00f3n Ministerial No 1367 del 2000 y ley 1453 del 2011 articulo 29.*A prevenir la comercializaci\u00f3n sobre el tr\u00e1fico de piezas y\/o bienes pertenecientes al patrimonio cultural de la naci\u00f3n seg\u00fan la ley 397 de 1997, Decreto 833 del 2001 y ley 1185 del 2008.*A prevenir y contrarrestar la explotaci\u00f3n sexual y pornograf\u00eda con menores de edad y\/o adolescentes, seg\u00fan art\u00edculo 44 de la constituci\u00f3n Colombiana, ley 679 de 2001 y\/o ley 1336 del 2009. *A garantizar la protecci\u00f3n de los derechos de una persona o grupo de personas, comunidad o pueblo, que son vulnerados en actos de racismo o discriminaci\u00f3n ley 1482 del 2011 y la ley 1752 del 2015 castigos penales para aquellos que realicen actos de discriminaci\u00f3n en contra de personas con discapacidad.<\/div>\n<\/div>\n<p>[\/vc_column_text][\/vc_tta_section][vc_tta_section title=\u00bbFAITUR TRANSPORTES FLUVIALES DEL ARCO IRIS\u00bb tab_id=\u00bb1655156452566-e82c1756-5e43&#8243;][vc_single_image image=\u00bb1865&#8243; img_size=\u00bbmedium\u00bb alignment=\u00bbcenter\u00bb css_animation=\u00bblightSpeedIn\u00bb][vc_custom_heading text=\u00bbTRANSPORTES FLUVIALES DEL ARCO IRIS\u00bb font_container=\u00bbtag:h2|text_align:center\u00bb][vc_message message_box_color=\u00bbvista_blue\u00bb]FUNDADA en el a\u00f1o de 2015, inscrita y afiliada a la CAMARA DE COMERCIO DE SOGAMOSO<\/p>\n<p>Compa\u00f1\u00eda de Transporte Fluvial de pasajeros en \u00e1rea de turismo, con Resoluci\u00f3n del MINISTERIO DE TRANSPORTE de habilitaci\u00f3n 005930 de Dic. 29 de 2015 y PERMISO DE OPERACION 01255 abril de 2016 en el LAGO DE TOTA. El 23 de Noviembre de 2017 le fue otorgada resoluci\u00f3n 05312 de ampliaci\u00f3n de Operaciones por parte del Ministerio de Transporte 05312 al LAGO DE SOCHAGOTA.[\/vc_message][vc_column_text]<\/p>\n<div>Cuenta con embarcaciones de lujo propias y afiliadas en \u00e1reas\u00a0 Recreativa y pesca.<\/div>\n<div><strong>Actualmente pertenece al Consejo Directivo de\u00a0 la Mesa Sectorial de Transporte Fluvial de Colombia<\/strong><\/div>\n<div>Su capacidad operativa la posiciona como la de mayor progreso en el Departamento de Boyac\u00e1.<\/div>\n<p>[\/vc_column_text][\/vc_tta_section][vc_tta_section title=\u00bbSUA MAPI FIESTA CATAMAR\u00c1N DE LUJO\u00bb tab_id=\u00bb1655156672431-0e93ad7d-2f88&#8243;][vc_single_image image=\u00bb1867&#8243; img_size=\u00bbmedium\u00bb alignment=\u00bbcenter\u00bb css_animation=\u00bblightSpeedIn\u00bb][vc_custom_heading text=\u00bbSUA MAPI FIESTA CATAMAR\u00c1N\u00bb font_container=\u00bbtag:h2|text_align:center\u00bb][vc_message message_box_color=\u00bbvista_blue\u00bb]<\/p>\n<div>Embarcaci\u00f3n de lujo tipo <strong>CATAMARAN<\/strong>\u00a0 construida en la ciudad de Bogot\u00e1, en Astillero especializado, estructura principal en su totalidad en aluminio naval importado, legalizaci\u00f3n con\u00a0 PATENTE DE NAVEGACION <strong>3072N34990<\/strong>\u00a0 \u00a0DEL MINISTERIO DE TRANSPORTE, Inspecci\u00f3n Fluvial del Lago de TOTA,<\/div>\n<div id=\"s3gt_translate_tooltip_mini\" class=\"s3gt_translate_tooltip_mini_box\" style=\"background: initial !important; border: initial !important; border-radius: initial !important; border-spacing: initial !important; border-collapse: initial !important; direction: ltr !important; flex-direction: initial !important; font-weight: initial !important; height: initial !important; letter-spacing: initial !important; min-width: initial !important; max-width: initial !important; min-height: initial !important; max-height: initial !important; margin: auto !important; outline: initial !important; padding: initial !important; position: absolute; table-layout: initial !important; text-align: initial !important; text-shadow: initial !important; width: initial !important; word-break: initial !important; word-spacing: initial !important; overflow-wrap: initial !important; box-sizing: initial !important; display: initial !important; color: inherit !important; font-size: 13px !important; font-family: X-LocaleSpecific, sans-serif, Tahoma, Helvetica !important; line-height: 13px !important; vertical-align: top !important; white-space: inherit !important; left: 431px; top: 69px; opacity: 0.7;\">\n<div id=\"s3gt_translate_tooltip_mini_logo\" class=\"s3gt_translate_tooltip_mini\" title=\"Traducir texto seleccionado\"><\/div>\n<div id=\"s3gt_translate_tooltip_mini_sound\" class=\"s3gt_translate_tooltip_mini\" title=\"Escuchar\"><\/div>\n<div id=\"s3gt_translate_tooltip_mini_copy\" class=\"s3gt_translate_tooltip_mini\" title=\"Copiar texto al Portapapeles\"><\/div>\n<\/div>\n<p>[\/vc_message][vc_column_text]<\/p>\n<div>con capacidad para 25 pasajeros, acondicionado con poltronas, sillas giratorias, alfombrado, consola de mando de lujo, dos pisos, sala VIP, sof\u00e1-cama, sonido con planta amplificadora y otros de su naturaleza.<\/div>\n<div>Equipado con dos motores fuera de borda: 1 YAMAHA 115 4 tiempos de ultima generaci\u00f3n a\u00f1o 2022 controlado con tecnolog\u00eda computarizada y 1 motor fuera de borda YAMAHA 40 dos tiempos provisto para navegaci\u00f3n lenta, pesca y apoyo operativo.<\/div>\n<div>Cuenta con todos los documentos exigidos por la norma fluvial nacional, seguros Contractual y Extracontractual, Pilotos certificados en Competencias laborales por parte del Sena y autorizados con Licencia para embarcaciones menores por parte del\u00a0 Ministerio de Transporte.<\/div>\n<h3>Es el UNICO de su genero en el Departamento de Boyac\u00e1.<\/h3>\n<p>[\/vc_column_text][\/vc_tta_section][vc_tta_section title=\u00bbTRANSPORTES DEL ARCO IRIS\u00bb tab_id=\u00bb1655157226597-5f8aa092-5ba7&#8243;][vc_single_image image=\u00bb1867&#8243; img_size=\u00bbmedium\u00bb alignment=\u00bbcenter\u00bb css_animation=\u00bblightSpeedIn\u00bb][vc_custom_heading text=\u00bbTRANSPORTES DEL ARCO IRIS\u00bb font_container=\u00bbtag:h2|text_align:center\u00bb][vc_message message_box_color=\u00bbvista_blue\u00bb]<\/p>\n<div>\n<p>GRUPO OPERATIVO de TRANSPORTE TERRESTRE DE PASAJEROS en la modalidad de TURISMO.<br \/>\nAmparado con p\u00f3lizas de seguros Contractual y Extracontractual, soat y tecno mec\u00e1nica vigentes en todos sus veh\u00edculos, conductores t\u00e9cnicos especializados y conocedores absolutos del Departamento de BOYACA, Cundinamarca, traslados Receptivos en Bogot\u00e1 y otros. AFILIADOS a la Compa\u00f1\u00eda legalmente constituida SETURCOL con NIT<\/p>\n<p>&nbsp;<\/p><\/div>\n<div id=\"s3gt_translate_tooltip_mini\" class=\"s3gt_translate_tooltip_mini_box\" style=\"background: initial !important; border: initial !important; border-radius: initial !important; border-spacing: initial !important; border-collapse: initial !important; direction: ltr !important; flex-direction: initial !important; font-weight: initial !important; height: initial !important; letter-spacing: initial !important; min-width: initial !important; max-width: initial !important; min-height: initial !important; max-height: initial !important; margin: auto !important; outline: initial !important; padding: initial !important; position: absolute; table-layout: initial !important; text-align: initial !important; text-shadow: initial !important; width: initial !important; word-break: initial !important; word-spacing: initial !important; overflow-wrap: initial !important; box-sizing: initial !important; display: initial !important; color: inherit !important; font-size: 13px !important; font-family: X-LocaleSpecific, sans-serif, Tahoma, Helvetica !important; line-height: 13px !important; vertical-align: top !important; white-space: inherit !important; left: 431px; top: 69px; opacity: 0.7;\">\n<div id=\"s3gt_translate_tooltip_mini_logo\" class=\"s3gt_translate_tooltip_mini\" title=\"Traducir texto seleccionado\"><\/div>\n<div id=\"s3gt_translate_tooltip_mini_sound\" class=\"s3gt_translate_tooltip_mini\" title=\"Escuchar\"><\/div>\n<div id=\"s3gt_translate_tooltip_mini_copy\" class=\"s3gt_translate_tooltip_mini\" title=\"Copiar texto al Portapapeles\"><\/div>\n<\/div>\n<p>[\/vc_message][\/vc_tta_section][\/vc_tta_accordion][\/vc_column][\/vc_row]<\/p>\n","protected":false},"excerpt":{"rendered":"<p>[vc_row][vc_column][vc_text_separator title=\u00bbUNA FAMILIA CON EXPERIENCIA, CAPACIDAD Y VOCACION DE SERVICIO\u00bb][\/vc_column][\/vc_row][vc_row][vc_column][vc_tta_accordion][vc_tta_section title=\u00bbARCO IRIS TOURS\u00bb tab_id=\u00bb1655155836773-97936582-02ce\u00bb][vc_single_image image=\u00bb1857&#8243; img_size=\u00bbmedium\u00bb alignment=\u00bbcenter\u00bb css_animation=\u00bblightSpeedIn\u00bb][vc_custom_heading text=\u00bbAGENCIA DE VIAJES OPERADORA MAYORISTA Registro Nacional de Turismo 5082 \/ 30 A\u00d1OS DE C\u00c1LIDO Y EFICIENTE SERVICIO, DEDICADOS EXCLUSIVAMENTE A PROMOVER Y OPERAR EL TURISMO HACIA EL DEPARTAMENTO DE BOYACA\u00bb font_container=\u00bbtag:h2|text_align:center\u00bb][vc_message message_box_color=\u00bbvista_blue\u00bb]Fundada en Noviembre de 1994, [&hellip;]<\/p>\n","protected":false},"author":1,"featured_media":2597,"parent":0,"menu_order":0,"comment_status":"closed","ping_status":"closed","template":"","meta":{"_glsr_average":0,"_glsr_ranking":0,"_glsr_reviews":0,"footnotes":""},"class_list":["post-1853","page","type-page","status-publish","has-post-thumbnail","hentry"],"yoast_head":"<!-- This site is optimized with the Yoast SEO Premium plugin v19.4 (Yoast SEO v27.2) - https:\/\/yoast.com\/product\/yoast-seo-premium-wordpress\/ -->\n<title>Quienes Somos - Boyaca Turismo<\/title>\n<meta name=\"description\" content=\"ARCO IRIS TOURS Registro nacional de turismo 5082 Compa\u00f1\u00eda OPERADORA DE TURISMO, dedicada a la PROMOCION Y OPERACION DE PLANES TURISTICOS HACIA BOYACA, y que con el paso de los 30 a\u00f1os de experiencia y calidez, se ha posicionado como la de mayor cobertura y operatividad, exclusivamente hacia el Departamento de Boyaca. Fundada en Noviembre de 1994. NO SOMOS LOS UNICOS, SOMOS LOS MEJORES\" \/>\n<meta name=\"robots\" content=\"index, follow, max-snippet:-1, max-image-preview:large, max-video-preview:-1\" \/>\n<link rel=\"canonical\" href=\"https:\/\/boyacaturismo.com\/?page_id=1853\" \/>\n<meta property=\"og:locale\" content=\"es_ES\" \/>\n<meta property=\"og:type\" content=\"article\" \/>\n<meta property=\"og:title\" content=\"Quienes Somos\" \/>\n<meta property=\"og:description\" content=\"ARCO IRIS TOURS Registro nacional de turismo 5082 Compa\u00f1\u00eda OPERADORA DE TURISMO, dedicada a la PROMOCION Y OPERACION DE PLANES TURISTICOS HACIA BOYACA, y que con el paso de los 30 a\u00f1os de experiencia y calidez, se ha posicionado como la de mayor cobertura y operatividad, exclusivamente hacia el Departamento de Boyaca. Fundada en Noviembre de 1994. NO SOMOS LOS UNICOS, SOMOS LOS MEJORES\" \/>\n<meta property=\"og:url\" content=\"https:\/\/boyacaturismo.com\/?page_id=1853\" \/>\n<meta property=\"og:site_name\" content=\"Boyaca Turismo\" \/>\n<meta property=\"article:modified_time\" content=\"2024-11-27T22:54:32+00:00\" \/>\n<meta property=\"og:image\" content=\"https:\/\/boyacaturismo.com\/wp-content\/uploads\/2022\/07\/Camara-193-1.jpg\" \/>\n\t<meta property=\"og:image:width\" content=\"640\" \/>\n\t<meta property=\"og:image:height\" content=\"480\" \/>\n\t<meta property=\"og:image:type\" content=\"image\/jpeg\" \/>\n<meta name=\"twitter:card\" content=\"summary_large_image\" \/>\n<meta name=\"twitter:label1\" content=\"Tiempo de lectura\" \/>\n\t<meta name=\"twitter:data1\" content=\"5 minutos\" \/>\n<script type=\"application\/ld+json\" class=\"yoast-schema-graph\">{\"@context\":\"https:\/\/schema.org\",\"@graph\":[{\"@type\":\"WebPage\",\"@id\":\"https:\/\/boyacaturismo.com\/?page_id=1853\",\"url\":\"https:\/\/boyacaturismo.com\/?page_id=1853\",\"name\":\"Quienes Somos - Boyaca Turismo\",\"isPartOf\":{\"@id\":\"https:\/\/boyacaturismo.com\/#website\"},\"primaryImageOfPage\":{\"@id\":\"https:\/\/boyacaturismo.com\/?page_id=1853#primaryimage\"},\"image\":{\"@id\":\"https:\/\/boyacaturismo.com\/?page_id=1853#primaryimage\"},\"thumbnailUrl\":\"https:\/\/boyacaturismo.com\/wp-content\/uploads\/2022\/07\/Camara-193-1.jpg\",\"datePublished\":\"2022-06-13T21:19:54+00:00\",\"dateModified\":\"2024-11-27T22:54:32+00:00\",\"description\":\"ARCO IRIS TOURS Registro nacional de turismo 5082 Compa\u00f1\u00eda OPERADORA DE TURISMO, dedicada a la PROMOCION Y OPERACION DE PLANES TURISTICOS HACIA BOYACA, y que con el paso de los 30 a\u00f1os de experiencia y calidez, se ha posicionado como la de mayor cobertura y operatividad, exclusivamente hacia el Departamento de Boyaca. Fundada en Noviembre de 1994. NO SOMOS LOS UNICOS, SOMOS LOS MEJORES\",\"breadcrumb\":{\"@id\":\"https:\/\/boyacaturismo.com\/?page_id=1853#breadcrumb\"},\"inLanguage\":\"es\",\"potentialAction\":[{\"@type\":\"ReadAction\",\"target\":[\"https:\/\/boyacaturismo.com\/?page_id=1853\"]}]},{\"@type\":\"ImageObject\",\"inLanguage\":\"es\",\"@id\":\"https:\/\/boyacaturismo.com\/?page_id=1853#primaryimage\",\"url\":\"https:\/\/boyacaturismo.com\/wp-content\/uploads\/2022\/07\/Camara-193-1.jpg\",\"contentUrl\":\"https:\/\/boyacaturismo.com\/wp-content\/uploads\/2022\/07\/Camara-193-1.jpg\",\"width\":640,\"height\":480},{\"@type\":\"BreadcrumbList\",\"@id\":\"https:\/\/boyacaturismo.com\/?page_id=1853#breadcrumb\",\"itemListElement\":[{\"@type\":\"ListItem\",\"position\":1,\"name\":\"Portada\",\"item\":\"https:\/\/boyacaturismo.com\/\"},{\"@type\":\"ListItem\",\"position\":2,\"name\":\"Quienes Somos\"}]},{\"@type\":\"WebSite\",\"@id\":\"https:\/\/boyacaturismo.com\/#website\",\"url\":\"https:\/\/boyacaturismo.com\/\",\"name\":\"Boyaca Turismo\",\"description\":\"Viajes a Boyac\u00e1\",\"publisher\":{\"@id\":\"https:\/\/boyacaturismo.com\/#organization\"},\"potentialAction\":[{\"@type\":\"SearchAction\",\"target\":{\"@type\":\"EntryPoint\",\"urlTemplate\":\"https:\/\/boyacaturismo.com\/?s={search_term_string}\"},\"query-input\":{\"@type\":\"PropertyValueSpecification\",\"valueRequired\":true,\"valueName\":\"search_term_string\"}}],\"inLanguage\":\"es\"},{\"@type\":\"Organization\",\"@id\":\"https:\/\/boyacaturismo.com\/#organization\",\"name\":\"Boyaca Turismo\",\"url\":\"https:\/\/boyacaturismo.com\/\",\"logo\":{\"@type\":\"ImageObject\",\"inLanguage\":\"es\",\"@id\":\"https:\/\/boyacaturismo.com\/#\/schema\/logo\/image\/\",\"url\":\"https:\/\/boyacaturismo.com\/wp-content\/uploads\/2026\/03\/cropped-Logo-pag-web-scaled-1.png\",\"contentUrl\":\"https:\/\/boyacaturismo.com\/wp-content\/uploads\/2026\/03\/cropped-Logo-pag-web-scaled-1.png\",\"width\":2063,\"height\":415,\"caption\":\"Boyaca Turismo\"},\"image\":{\"@id\":\"https:\/\/boyacaturismo.com\/#\/schema\/logo\/image\/\"}}]}<\/script>\n<!-- \/ Yoast SEO Premium plugin. -->","yoast_head_json":{"title":"Quienes Somos - Boyaca Turismo","description":"ARCO IRIS TOURS Registro nacional de turismo 5082 Compa\u00f1\u00eda OPERADORA DE TURISMO, dedicada a la PROMOCION Y OPERACION DE PLANES TURISTICOS HACIA BOYACA, y que con el paso de los 30 a\u00f1os de experiencia y calidez, se ha posicionado como la de mayor cobertura y operatividad, exclusivamente hacia el Departamento de Boyaca. Fundada en Noviembre de 1994. NO SOMOS LOS UNICOS, SOMOS LOS MEJORES","robots":{"index":"index","follow":"follow","max-snippet":"max-snippet:-1","max-image-preview":"max-image-preview:large","max-video-preview":"max-video-preview:-1"},"canonical":"https:\/\/boyacaturismo.com\/?page_id=1853","og_locale":"es_ES","og_type":"article","og_title":"Quienes Somos","og_description":"ARCO IRIS TOURS Registro nacional de turismo 5082 Compa\u00f1\u00eda OPERADORA DE TURISMO, dedicada a la PROMOCION Y OPERACION DE PLANES TURISTICOS HACIA BOYACA, y que con el paso de los 30 a\u00f1os de experiencia y calidez, se ha posicionado como la de mayor cobertura y operatividad, exclusivamente hacia el Departamento de Boyaca. Fundada en Noviembre de 1994. NO SOMOS LOS UNICOS, SOMOS LOS MEJORES","og_url":"https:\/\/boyacaturismo.com\/?page_id=1853","og_site_name":"Boyaca Turismo","article_modified_time":"2024-11-27T22:54:32+00:00","og_image":[{"width":640,"height":480,"url":"https:\/\/boyacaturismo.com\/wp-content\/uploads\/2022\/07\/Camara-193-1.jpg","type":"image\/jpeg"}],"twitter_card":"summary_large_image","twitter_misc":{"Tiempo de lectura":"5 minutos"},"schema":{"@context":"https:\/\/schema.org","@graph":[{"@type":"WebPage","@id":"https:\/\/boyacaturismo.com\/?page_id=1853","url":"https:\/\/boyacaturismo.com\/?page_id=1853","name":"Quienes Somos - Boyaca Turismo","isPartOf":{"@id":"https:\/\/boyacaturismo.com\/#website"},"primaryImageOfPage":{"@id":"https:\/\/boyacaturismo.com\/?page_id=1853#primaryimage"},"image":{"@id":"https:\/\/boyacaturismo.com\/?page_id=1853#primaryimage"},"thumbnailUrl":"https:\/\/boyacaturismo.com\/wp-content\/uploads\/2022\/07\/Camara-193-1.jpg","datePublished":"2022-06-13T21:19:54+00:00","dateModified":"2024-11-27T22:54:32+00:00","description":"ARCO IRIS TOURS Registro nacional de turismo 5082 Compa\u00f1\u00eda OPERADORA DE TURISMO, dedicada a la PROMOCION Y OPERACION DE PLANES TURISTICOS HACIA BOYACA, y que con el paso de los 30 a\u00f1os de experiencia y calidez, se ha posicionado como la de mayor cobertura y operatividad, exclusivamente hacia el Departamento de Boyaca. Fundada en Noviembre de 1994. NO SOMOS LOS UNICOS, SOMOS LOS MEJORES","breadcrumb":{"@id":"https:\/\/boyacaturismo.com\/?page_id=1853#breadcrumb"},"inLanguage":"es","potentialAction":[{"@type":"ReadAction","target":["https:\/\/boyacaturismo.com\/?page_id=1853"]}]},{"@type":"ImageObject","inLanguage":"es","@id":"https:\/\/boyacaturismo.com\/?page_id=1853#primaryimage","url":"https:\/\/boyacaturismo.com\/wp-content\/uploads\/2022\/07\/Camara-193-1.jpg","contentUrl":"https:\/\/boyacaturismo.com\/wp-content\/uploads\/2022\/07\/Camara-193-1.jpg","width":640,"height":480},{"@type":"BreadcrumbList","@id":"https:\/\/boyacaturismo.com\/?page_id=1853#breadcrumb","itemListElement":[{"@type":"ListItem","position":1,"name":"Portada","item":"https:\/\/boyacaturismo.com\/"},{"@type":"ListItem","position":2,"name":"Quienes Somos"}]},{"@type":"WebSite","@id":"https:\/\/boyacaturismo.com\/#website","url":"https:\/\/boyacaturismo.com\/","name":"Boyaca Turismo","description":"Viajes a Boyac\u00e1","publisher":{"@id":"https:\/\/boyacaturismo.com\/#organization"},"potentialAction":[{"@type":"SearchAction","target":{"@type":"EntryPoint","urlTemplate":"https:\/\/boyacaturismo.com\/?s={search_term_string}"},"query-input":{"@type":"PropertyValueSpecification","valueRequired":true,"valueName":"search_term_string"}}],"inLanguage":"es"},{"@type":"Organization","@id":"https:\/\/boyacaturismo.com\/#organization","name":"Boyaca Turismo","url":"https:\/\/boyacaturismo.com\/","logo":{"@type":"ImageObject","inLanguage":"es","@id":"https:\/\/boyacaturismo.com\/#\/schema\/logo\/image\/","url":"https:\/\/boyacaturismo.com\/wp-content\/uploads\/2026\/03\/cropped-Logo-pag-web-scaled-1.png","contentUrl":"https:\/\/boyacaturismo.com\/wp-content\/uploads\/2026\/03\/cropped-Logo-pag-web-scaled-1.png","width":2063,"height":415,"caption":"Boyaca Turismo"},"image":{"@id":"https:\/\/boyacaturismo.com\/#\/schema\/logo\/image\/"}}]}},"_links":{"self":[{"href":"https:\/\/boyacaturismo.com\/index.php?rest_route=\/wp\/v2\/pages\/1853","targetHints":{"allow":["GET"]}}],"collection":[{"href":"https:\/\/boyacaturismo.com\/index.php?rest_route=\/wp\/v2\/pages"}],"about":[{"href":"https:\/\/boyacaturismo.com\/index.php?rest_route=\/wp\/v2\/types\/page"}],"author":[{"embeddable":true,"href":"https:\/\/boyacaturismo.com\/index.php?rest_route=\/wp\/v2\/users\/1"}],"replies":[{"embeddable":true,"href":"https:\/\/boyacaturismo.com\/index.php?rest_route=%2Fwp%2Fv2%2Fcomments&post=1853"}],"version-history":[{"count":23,"href":"https:\/\/boyacaturismo.com\/index.php?rest_route=\/wp\/v2\/pages\/1853\/revisions"}],"predecessor-version":[{"id":2637,"href":"https:\/\/boyacaturismo.com\/index.php?rest_route=\/wp\/v2\/pages\/1853\/revisions\/2637"}],"wp:featuredmedia":[{"embeddable":true,"href":"https:\/\/boyacaturismo.com\/index.php?rest_route=\/wp\/v2\/media\/2597"}],"wp:attachment":[{"href":"https:\/\/boyacaturismo.com\/index.php?rest_route=%2Fwp%2Fv2%2Fmedia&parent=1853"}],"curies":[{"name":"wp","href":"https:\/\/api.w.org\/{rel}","templated":true}]}}