{"id":2550,"date":"2024-11-12T13:51:25","date_gmt":"2024-11-12T18:51:25","guid":{"rendered":"https:\/\/boyacaturismo.com\/?page_id=2550"},"modified":"2024-11-12T13:55:32","modified_gmt":"2024-11-12T18:55:32","slug":"resenas","status":"publish","type":"page","link":"https:\/\/boyacaturismo.com\/?page_id=2550","title":{"rendered":"Rese\u00f1as"},"content":{"rendered":"<p>[vc_row][vc_column][vc_column_text]<div class=\"shortcode-site-reviews\"><div class=\"glsr glsr-default\" id=\"glsr_6ajfdrtq\" data-from=\"shortcode\" data-shortcode=\"site_reviews\" data-display=\"20\"><div class=\"glsr-reviews-wrap\">\n    <div class=\"glsr-reviews\">\n        <p class=\"glsr-no-margins\">No hay rese\u00f1as todav\u00eda. S\u00e9 el primero en escribir una.<\/p>\n    <\/div>\n    \n<\/div><\/div><\/div>\n<p>[\/vc_column_text][vc_separator color=\u00bbgreen\u00bb style=\u00bbdashed\u00bb border_width=\u00bb2&#8243; css_animation=\u00bbbounceInLeft\u00bb][vc_column_text css_animation=\u00bbfadeIn\u00bb]<div class=\"shortcode-site-reviews-form\"><div class=\"glsr glsr-default\" id=\"glsr_bnhpil5w\" data-from=\"shortcode\" data-shortcode=\"site_reviews_form\"><div class=\"glsr-form-wrap\">\n    <form class=\"glsr-form glsr-review-form\" method=\"post\" enctype=\"multipart\/form-data\">\n        <input type=\"hidden\" name=\"site-reviews[_action]\" value=\"submit-review\" \/>\n<input type=\"hidden\" name=\"site-reviews[_nonce]\" value=\"c13606d235\" \/>\n<input type=\"hidden\" name=\"site-reviews[_post_id]\" value=\"2550\" \/>\n<input type=\"hidden\" name=\"site-reviews[_referer]\" value=\"\" \/>\n<input type=\"hidden\" name=\"site-reviews[assigned_posts]\" value=\"\" \/>\n<input type=\"hidden\" name=\"site-reviews[assigned_terms]\" value=\"\" \/>\n<input type=\"hidden\" name=\"site-reviews[assigned_users]\" value=\"\" \/>\n<input type=\"hidden\" name=\"site-reviews[excluded]\" value=\"\" \/>\n<input type=\"hidden\" name=\"site-reviews[form_id]\" value=\"glsr_bnhpil5w\" \/>\n<input type=\"hidden\" name=\"site-reviews[form_signature]\" value=\"44VwokILEWAVIPR4YiUIV9qD0Ct9QVNolC5SGCZAmZFmJ9oG2DPPrdU3hxWFSGnsUcABGUk1bLNXRcWKuIy981FOycJgG-9r6K77FEzUqupxHhKD3oOUGBAy6kWWk735q0qRxTcDUjR4AcW90vuFXtJ1KeMEFzT9gXlzZcT0-6j3EZDmkJvTVeByLLgW9yo0cadWY6nvrHLSQKgQ3cwZY4c5DLbP9_NtmofKUpC4jesJtHfhyMFSAAvGj1l_OwpSZBPsi89B2wOWPCiEZjZRaUcjApeQ7P5VMJu4uqTIwzsyDoHa8NBjfBQlPEgi3b23ErkNLkdBru1oEPQ_SeS-PjQW3unhzICXD9nhHlj3x2XioAxhA0BiBX5aybZFfvvBPfoWOgZhnqFBCNW3YnJpFKDx3TFdhC5LuTz-NbLXXu4tzMDjbLTxBuL697E\" \/>\n<input type=\"hidden\" name=\"site-reviews[terms_exist]\" value=\"1\" \/>\n<div class=\"glsr-field\" style=\"display:none;\"><label for=\"site-reviews-b38bbf32-glsr_bnhpil5w\">Tu rese\u00f1a<\/label><input type=\"text\" class=\"glsr-input glsr-input-text\" id=\"site-reviews-b38bbf32-glsr_bnhpil5w\" name=\"site-reviews[b38bbf32]\" value=\"\" \/><\/div>\n<div class=\"glsr-field glsr-field-rating glsr-required\" data-field=\"rating\" data-type=\"rating\">\n    <label class=\"glsr-label\" for=\"glsr_bnhpil5w-rating\">\n    <span>Tu puntuaci\u00f3n global<\/span>\n<\/label>\n    <select class=\"browser-default disable-select glsr-select no-wrap no_wrap\" id=\"glsr_bnhpil5w-rating\" name=\"site-reviews[rating]\" required><option value=\"\">Seleccionar una puntuaci\u00f3n<\/option><option value=\"5\">5 estrellas<\/option><option value=\"4\">4 estrellas<\/option><option value=\"3\">3 estrellas<\/option><option value=\"2\">2 estrellas<\/option><option value=\"1\">1 estrella<\/option><\/select>\n    <div class=\"glsr-field-error\"><\/div>\n<\/div>\n<div class=\"glsr-field glsr-field-text glsr-required\" data-field=\"title\" data-type=\"text\">\n    <label class=\"glsr-label\" for=\"glsr_bnhpil5w-title\">\n    <span>T\u00edtulo de tu rese\u00f1a<\/span>\n<\/label>\n    <input type=\"text\" class=\"glsr-input glsr-input-text\" id=\"glsr_bnhpil5w-title\" name=\"site-reviews[title]\" required placeholder=\"Resume tu rese\u00f1a o resalta un detalle interesante\" value=\"\" \/>\n    <div class=\"glsr-field-error\"><\/div>\n<\/div>\n<div class=\"glsr-field glsr-field-textarea glsr-required\" data-field=\"content\" data-type=\"textarea\">\n    <label class=\"glsr-label\" for=\"glsr_bnhpil5w-content\">\n    <span>Tu rese\u00f1a<\/span>\n<\/label>\n    <textarea class=\"glsr-textarea\" id=\"glsr_bnhpil5w-content\" name=\"site-reviews[content]\" required placeholder=\"Comparte tu opini\u00f3n\" rows=\"5\"><\/textarea>\n    <div class=\"glsr-field-error\"><\/div>\n<\/div>\n<div class=\"glsr-field glsr-field-text glsr-required\" data-field=\"name\" data-type=\"text\">\n    <label class=\"glsr-label\" for=\"glsr_bnhpil5w-name\">\n    <span>Tu nombre<\/span>\n<\/label>\n    <input type=\"text\" class=\"glsr-input glsr-input-text\" id=\"glsr_bnhpil5w-name\" name=\"site-reviews[name]\" required placeholder=\"Dinos tu nombre\" value=\"\" \/>\n    <div class=\"glsr-field-error\"><\/div>\n<\/div>\n<div class=\"glsr-field glsr-field-email glsr-required\" data-field=\"email\" data-type=\"email\">\n    <label class=\"glsr-label\" for=\"glsr_bnhpil5w-email\">\n    <span>Tu correo electr\u00f3nico<\/span>\n<\/label>\n    <input type=\"email\" class=\"glsr-input glsr-input-email\" id=\"glsr_bnhpil5w-email\" name=\"site-reviews[email]\" required placeholder=\"Dinos tu email\" value=\"\" \/>\n    <div class=\"glsr-field-error\"><\/div>\n<\/div>\n<div class=\"glsr-field glsr-field-choice glsr-required\" data-field=\"terms\" data-type=\"toggle\">\n    \n    <div class=\"glsr-field-subgroup\">\n        <span class=\"glsr-field-toggle\">\n    <span>\n        <span class=\"glsr-toggle\"><input type=\"checkbox\" class=\"glsr-input-toggle\" id=\"glsr_bnhpil5w-terms-1\" name=\"site-reviews[terms]\" required value=\"1\" \/><span class=\"glsr-toggle-track\"><\/span><\/span>\n    <\/span>\n    <label for=\"glsr_bnhpil5w-terms-1\">Esta rese\u00f1a se basa en mi propia experiencia y es mi opini\u00f3n genuina.<\/label>\n<\/span>\n    <\/div>\n    <div class=\"glsr-field-error\"><\/div>\n<\/div>\n        <div class=\"glsr-form-message\">\n    \n<\/div>\n        <div data-field=\"submit-button\">\n    <div class=\"wp-block-buttons is-layout-flex\">\n        <div class=\"wp-block-button\">\n            <button type=\"submit\" class=\"glsr-button wp-block-button__link wp-element-button\" aria-busy=\"false\" data-loading=\"Enviando, por favor espera...\">Enviar una rese\u00f1a<\/button>\n        <\/div>\n    <\/div>\n<\/div><div class=\"glsr-captcha-holder\"><\/div>\n    <\/form>\n<\/div><\/div><\/div>[\/vc_column_text][\/vc_column][\/vc_row]<\/p>\n","protected":false},"excerpt":{"rendered":"<p>[vc_row][vc_column][vc_column_text] [\/vc_column_text][vc_separator color=\u00bbgreen\u00bb style=\u00bbdashed\u00bb border_width=\u00bb2&#8243; css_animation=\u00bbbounceInLeft\u00bb][vc_column_text css_animation=\u00bbfadeIn\u00bb][\/vc_column_text][\/vc_column][\/vc_row]<\/p>\n","protected":false},"author":1,"featured_media":0,"parent":0,"menu_order":0,"comment_status":"closed","ping_status":"closed","template":"","meta":{"_glsr_average":0,"_glsr_ranking":0,"_glsr_reviews":0,"footnotes":""},"class_list":["post-2550","page","type-page","status-publish","hentry"],"yoast_head":"<!-- This site is optimized with the Yoast SEO Premium plugin v19.4 (Yoast SEO v27.2) - https:\/\/yoast.com\/product\/yoast-seo-premium-wordpress\/ -->\n<title>Rese\u00f1as - Boyaca Turismo<\/title>\n<meta name=\"robots\" content=\"index, follow, max-snippet:-1, max-image-preview:large, max-video-preview:-1\" \/>\n<link rel=\"canonical\" href=\"https:\/\/boyacaturismo.com\/?page_id=2550\" \/>\n<meta property=\"og:locale\" content=\"es_ES\" \/>\n<meta property=\"og:type\" content=\"article\" \/>\n<meta property=\"og:title\" content=\"Rese\u00f1as\" \/>\n<meta property=\"og:description\" content=\"[vc_row][vc_column][vc_column_text] [\/vc_column_text][vc_separator color=\u00bbgreen\u00bb style=\u00bbdashed\u00bb border_width=\u00bb2&#8243; css_animation=\u00bbbounceInLeft\u00bb][vc_column_text css_animation=\u00bbfadeIn\u00bb][\/vc_column_text][\/vc_column][\/vc_row]\" \/>\n<meta property=\"og:url\" content=\"https:\/\/boyacaturismo.com\/?page_id=2550\" \/>\n<meta property=\"og:site_name\" content=\"Boyaca Turismo\" \/>\n<meta property=\"article:modified_time\" content=\"2024-11-12T18:55:32+00:00\" \/>\n<meta name=\"twitter:card\" content=\"summary_large_image\" \/>\n<meta name=\"twitter:label1\" content=\"Tiempo de lectura\" \/>\n\t<meta name=\"twitter:data1\" content=\"1 minuto\" \/>\n<script type=\"application\/ld+json\" class=\"yoast-schema-graph\">{\"@context\":\"https:\/\/schema.org\",\"@graph\":[{\"@type\":\"WebPage\",\"@id\":\"https:\/\/boyacaturismo.com\/?page_id=2550\",\"url\":\"https:\/\/boyacaturismo.com\/?page_id=2550\",\"name\":\"Rese\u00f1as - Boyaca Turismo\",\"isPartOf\":{\"@id\":\"https:\/\/boyacaturismo.com\/#website\"},\"datePublished\":\"2024-11-12T18:51:25+00:00\",\"dateModified\":\"2024-11-12T18:55:32+00:00\",\"breadcrumb\":{\"@id\":\"https:\/\/boyacaturismo.com\/?page_id=2550#breadcrumb\"},\"inLanguage\":\"es\",\"potentialAction\":[{\"@type\":\"ReadAction\",\"target\":[\"https:\/\/boyacaturismo.com\/?page_id=2550\"]}]},{\"@type\":\"BreadcrumbList\",\"@id\":\"https:\/\/boyacaturismo.com\/?page_id=2550#breadcrumb\",\"itemListElement\":[{\"@type\":\"ListItem\",\"position\":1,\"name\":\"Portada\",\"item\":\"https:\/\/boyacaturismo.com\/\"},{\"@type\":\"ListItem\",\"position\":2,\"name\":\"Rese\u00f1as\"}]},{\"@type\":\"WebSite\",\"@id\":\"https:\/\/boyacaturismo.com\/#website\",\"url\":\"https:\/\/boyacaturismo.com\/\",\"name\":\"Boyaca Turismo\",\"description\":\"Viajes a Boyac\u00e1\",\"publisher\":{\"@id\":\"https:\/\/boyacaturismo.com\/#organization\"},\"potentialAction\":[{\"@type\":\"SearchAction\",\"target\":{\"@type\":\"EntryPoint\",\"urlTemplate\":\"https:\/\/boyacaturismo.com\/?s={search_term_string}\"},\"query-input\":{\"@type\":\"PropertyValueSpecification\",\"valueRequired\":true,\"valueName\":\"search_term_string\"}}],\"inLanguage\":\"es\"},{\"@type\":\"Organization\",\"@id\":\"https:\/\/boyacaturismo.com\/#organization\",\"name\":\"Boyaca Turismo\",\"url\":\"https:\/\/boyacaturismo.com\/\",\"logo\":{\"@type\":\"ImageObject\",\"inLanguage\":\"es\",\"@id\":\"https:\/\/boyacaturismo.com\/#\/schema\/logo\/image\/\",\"url\":\"https:\/\/boyacaturismo.com\/wp-content\/uploads\/2026\/03\/cropped-Logo-pag-web-scaled-1.png\",\"contentUrl\":\"https:\/\/boyacaturismo.com\/wp-content\/uploads\/2026\/03\/cropped-Logo-pag-web-scaled-1.png\",\"width\":2063,\"height\":415,\"caption\":\"Boyaca Turismo\"},\"image\":{\"@id\":\"https:\/\/boyacaturismo.com\/#\/schema\/logo\/image\/\"}}]}<\/script>\n<!-- \/ Yoast SEO Premium plugin. -->","yoast_head_json":{"title":"Rese\u00f1as - Boyaca Turismo","robots":{"index":"index","follow":"follow","max-snippet":"max-snippet:-1","max-image-preview":"max-image-preview:large","max-video-preview":"max-video-preview:-1"},"canonical":"https:\/\/boyacaturismo.com\/?page_id=2550","og_locale":"es_ES","og_type":"article","og_title":"Rese\u00f1as","og_description":"[vc_row][vc_column][vc_column_text] [\/vc_column_text][vc_separator color=\u00bbgreen\u00bb style=\u00bbdashed\u00bb border_width=\u00bb2&#8243; css_animation=\u00bbbounceInLeft\u00bb][vc_column_text css_animation=\u00bbfadeIn\u00bb][\/vc_column_text][\/vc_column][\/vc_row]","og_url":"https:\/\/boyacaturismo.com\/?page_id=2550","og_site_name":"Boyaca Turismo","article_modified_time":"2024-11-12T18:55:32+00:00","twitter_card":"summary_large_image","twitter_misc":{"Tiempo de lectura":"1 minuto"},"schema":{"@context":"https:\/\/schema.org","@graph":[{"@type":"WebPage","@id":"https:\/\/boyacaturismo.com\/?page_id=2550","url":"https:\/\/boyacaturismo.com\/?page_id=2550","name":"Rese\u00f1as - Boyaca Turismo","isPartOf":{"@id":"https:\/\/boyacaturismo.com\/#website"},"datePublished":"2024-11-12T18:51:25+00:00","dateModified":"2024-11-12T18:55:32+00:00","breadcrumb":{"@id":"https:\/\/boyacaturismo.com\/?page_id=2550#breadcrumb"},"inLanguage":"es","potentialAction":[{"@type":"ReadAction","target":["https:\/\/boyacaturismo.com\/?page_id=2550"]}]},{"@type":"BreadcrumbList","@id":"https:\/\/boyacaturismo.com\/?page_id=2550#breadcrumb","itemListElement":[{"@type":"ListItem","position":1,"name":"Portada","item":"https:\/\/boyacaturismo.com\/"},{"@type":"ListItem","position":2,"name":"Rese\u00f1as"}]},{"@type":"WebSite","@id":"https:\/\/boyacaturismo.com\/#website","url":"https:\/\/boyacaturismo.com\/","name":"Boyaca Turismo","description":"Viajes a Boyac\u00e1","publisher":{"@id":"https:\/\/boyacaturismo.com\/#organization"},"potentialAction":[{"@type":"SearchAction","target":{"@type":"EntryPoint","urlTemplate":"https:\/\/boyacaturismo.com\/?s={search_term_string}"},"query-input":{"@type":"PropertyValueSpecification","valueRequired":true,"valueName":"search_term_string"}}],"inLanguage":"es"},{"@type":"Organization","@id":"https:\/\/boyacaturismo.com\/#organization","name":"Boyaca Turismo","url":"https:\/\/boyacaturismo.com\/","logo":{"@type":"ImageObject","inLanguage":"es","@id":"https:\/\/boyacaturismo.com\/#\/schema\/logo\/image\/","url":"https:\/\/boyacaturismo.com\/wp-content\/uploads\/2026\/03\/cropped-Logo-pag-web-scaled-1.png","contentUrl":"https:\/\/boyacaturismo.com\/wp-content\/uploads\/2026\/03\/cropped-Logo-pag-web-scaled-1.png","width":2063,"height":415,"caption":"Boyaca Turismo"},"image":{"@id":"https:\/\/boyacaturismo.com\/#\/schema\/logo\/image\/"}}]}},"_links":{"self":[{"href":"https:\/\/boyacaturismo.com\/index.php?rest_route=\/wp\/v2\/pages\/2550","targetHints":{"allow":["GET"]}}],"collection":[{"href":"https:\/\/boyacaturismo.com\/index.php?rest_route=\/wp\/v2\/pages"}],"about":[{"href":"https:\/\/boyacaturismo.com\/index.php?rest_route=\/wp\/v2\/types\/page"}],"author":[{"embeddable":true,"href":"https:\/\/boyacaturismo.com\/index.php?rest_route=\/wp\/v2\/users\/1"}],"replies":[{"embeddable":true,"href":"https:\/\/boyacaturismo.com\/index.php?rest_route=%2Fwp%2Fv2%2Fcomments&post=2550"}],"version-history":[{"count":4,"href":"https:\/\/boyacaturismo.com\/index.php?rest_route=\/wp\/v2\/pages\/2550\/revisions"}],"predecessor-version":[{"id":2555,"href":"https:\/\/boyacaturismo.com\/index.php?rest_route=\/wp\/v2\/pages\/2550\/revisions\/2555"}],"wp:attachment":[{"href":"https:\/\/boyacaturismo.com\/index.php?rest_route=%2Fwp%2Fv2%2Fmedia&parent=2550"}],"curies":[{"name":"wp","href":"https:\/\/api.w.org\/{rel}","templated":true}]}}